{"id":6532,"date":"2025-12-22T19:36:59","date_gmt":"2025-12-22T22:36:59","guid":{"rendered":"https:\/\/anysexshop.com.ar\/shop\/?post_type=product&#038;p=6532"},"modified":"2026-01-06T14:29:45","modified_gmt":"2026-01-06T17:29:45","slug":"vibrador-carga-usb-paula-violeta","status":"publish","type":"product","link":"https:\/\/anysexshop.com.ar\/shop\/product\/vibrador-carga-usb-paula-violeta\/","title":{"rendered":"VIBRADOR CARGA USB PAULA VIOLETA"},"content":{"rendered":"<body><p>Vibrador recargable de silicona. Purpura Con textura y una peque\u00f1a curva para estimular mas el punto G. las orejas del conejo estimularan de forma envolvente el cl\u00edtoris. 7 funciones de vibraci\u00f3n de mas intensa a suave. Un controlador de bot\u00f3n, mant\u00e9n pulsado para encender. Impermeable. Recargable con USB (INCLUIDO) Diametro: 4 cm Longitud efectiva: 6,9 cm longitud total : 18,6 cm<\/p>\n<\/body>","protected":false},"excerpt":{"rendered":"<p>Vibrador recargable de silicona. Purpura Con textura y una peque\u00f1a curva para estimular mas el punto G. las orejas del conejo estimularan de forma envolvente el cl\u00edtoris. 7 funciones de vibraci\u00f3n de mas intensa a suave. Un controlador de bot\u00f3n, mant\u00e9n pulsado para encender. Impermeable. Recargable con USB (INCLUIDO) Diametro:&hellip; <\/p>\n","protected":false},"featured_media":6533,"comment_status":"open","ping_status":"closed","template":"","meta":{"om_disable_all_campaigns":false},"product_brand":[],"product_cat":[69],"product_tag":[],"class_list":{"0":"post-6532","1":"product","2":"type-product","3":"status-publish","4":"has-post-thumbnail","6":"product_cat-vibradores","8":"first","9":"outofstock","10":"shipping-taxable","11":"product-type-simple"},"jetpack_sharing_enabled":true,"_links":{"self":[{"href":"https:\/\/anysexshop.com.ar\/shop\/wp-json\/wp\/v2\/product\/6532","targetHints":{"allow":["GET"]}}],"collection":[{"href":"https:\/\/anysexshop.com.ar\/shop\/wp-json\/wp\/v2\/product"}],"about":[{"href":"https:\/\/anysexshop.com.ar\/shop\/wp-json\/wp\/v2\/types\/product"}],"replies":[{"embeddable":true,"href":"https:\/\/anysexshop.com.ar\/shop\/wp-json\/wp\/v2\/comments?post=6532"}],"wp:featuredmedia":[{"embeddable":true,"href":"https:\/\/anysexshop.com.ar\/shop\/wp-json\/wp\/v2\/media\/6533"}],"wp:attachment":[{"href":"https:\/\/anysexshop.com.ar\/shop\/wp-json\/wp\/v2\/media?parent=6532"}],"wp:term":[{"taxonomy":"product_brand","embeddable":true,"href":"https:\/\/anysexshop.com.ar\/shop\/wp-json\/wp\/v2\/product_brand?post=6532"},{"taxonomy":"product_cat","embeddable":true,"href":"https:\/\/anysexshop.com.ar\/shop\/wp-json\/wp\/v2\/product_cat?post=6532"},{"taxonomy":"product_tag","embeddable":true,"href":"https:\/\/anysexshop.com.ar\/shop\/wp-json\/wp\/v2\/product_tag?post=6532"}],"curies":[{"name":"wp","href":"https:\/\/api.w.org\/{rel}","templated":true}]}}