{"id":6536,"date":"2025-12-22T19:42:46","date_gmt":"2025-12-22T22:42:46","guid":{"rendered":"https:\/\/anysexshop.com.ar\/shop\/?post_type=product&#038;p=6536"},"modified":"2026-02-28T14:30:39","modified_gmt":"2026-02-28T17:30:39","slug":"doble-estimulador-hanna-4","status":"publish","type":"product","link":"https:\/\/anysexshop.com.ar\/shop\/product\/doble-estimulador-hanna-4\/","title":{"rendered":"DOBLE ESTIMULADOR HANNA 4"},"content":{"rendered":"<body><p>Vibrador ergon\u00f3mico doble estimulaci\u00f3n, apoya en cl\u00edtoris y punto G. Perfectamente cubierto con una suave y sedosa superficie de silicona. Es uno de los juguetes m\u00e1s vendidos para utilizar en pareja y poder divertirse ambos con su uso. Su c\u00f3modo dise\u00f1o permite la penetraci\u00f3n perfectamente para estimulaci\u00f3n de ambos y llegar al goce pleno. Es el juguete perfecto cuando se desee placer instant\u00e1neo. Se inserta f\u00e1cilmente y una vez puesto, se mantiene mientras juegas para una excitante sesi\u00f3n que podr\u00e1s llevar a cabo sin manos y usarlas para explorar. Caracter\u00edsticas \u2022 Silicona 100% pura. \u2022 100% Libre de Fthalatos. \u2022 Hipo alerg\u00e9nico. \u2022 Libre de l\u00e1tex. \u2022 Silencioso y discreto. \u2022 Dise\u00f1o Ergon\u00f3mico. \u2022 10 velocidades potentes. \u2022 Longitud: 9,3 cm Di\u00e1metro: 3,5 cm. \u2022 Teclas de f\u00e1cil manejo con un solo bot\u00f3n. \u2022 Recargable. \u2022 2 motores en cl\u00edtoris y punto G. \u2022 Incluye cargador. \u2022 Impermeable. No sumergible. \u2022 Utilizar lubricante a base de agua. \u2022 Higienizar con agua tibia y jab\u00f3n antibacteriano para Toys o neutro. Importante no cargar m\u00e1s de 3 horas<\/p>\n<\/body>","protected":false},"excerpt":{"rendered":"<p>Vibrador ergon\u00f3mico doble estimulaci\u00f3n, apoya en cl\u00edtoris y punto G. Perfectamente cubierto con una suave y sedosa superficie de silicona. Es uno de los juguetes m\u00e1s vendidos para utilizar en pareja y poder divertirse ambos con su uso. Su c\u00f3modo dise\u00f1o permite la penetraci\u00f3n perfectamente para estimulaci\u00f3n de ambos y&hellip; <\/p>\n","protected":false},"featured_media":6537,"comment_status":"open","ping_status":"closed","template":"","meta":{"om_disable_all_campaigns":false},"product_brand":[],"product_cat":[68,69],"product_tag":[],"class_list":{"0":"post-6536","1":"product","2":"type-product","3":"status-publish","4":"has-post-thumbnail","6":"product_cat-succionadores-y-estimuladores-femeninos","7":"product_cat-vibradores","9":"first","10":"instock","11":"shipping-taxable","12":"purchasable","13":"product-type-simple"},"jetpack_sharing_enabled":true,"_links":{"self":[{"href":"https:\/\/anysexshop.com.ar\/shop\/wp-json\/wp\/v2\/product\/6536","targetHints":{"allow":["GET"]}}],"collection":[{"href":"https:\/\/anysexshop.com.ar\/shop\/wp-json\/wp\/v2\/product"}],"about":[{"href":"https:\/\/anysexshop.com.ar\/shop\/wp-json\/wp\/v2\/types\/product"}],"replies":[{"embeddable":true,"href":"https:\/\/anysexshop.com.ar\/shop\/wp-json\/wp\/v2\/comments?post=6536"}],"wp:featuredmedia":[{"embeddable":true,"href":"https:\/\/anysexshop.com.ar\/shop\/wp-json\/wp\/v2\/media\/6537"}],"wp:attachment":[{"href":"https:\/\/anysexshop.com.ar\/shop\/wp-json\/wp\/v2\/media?parent=6536"}],"wp:term":[{"taxonomy":"product_brand","embeddable":true,"href":"https:\/\/anysexshop.com.ar\/shop\/wp-json\/wp\/v2\/product_brand?post=6536"},{"taxonomy":"product_cat","embeddable":true,"href":"https:\/\/anysexshop.com.ar\/shop\/wp-json\/wp\/v2\/product_cat?post=6536"},{"taxonomy":"product_tag","embeddable":true,"href":"https:\/\/anysexshop.com.ar\/shop\/wp-json\/wp\/v2\/product_tag?post=6536"}],"curies":[{"name":"wp","href":"https:\/\/api.w.org\/{rel}","templated":true}]}}