{"id":6597,"date":"2026-01-10T17:47:33","date_gmt":"2026-01-10T20:47:33","guid":{"rendered":"https:\/\/anysexshop.com.ar\/shop\/?post_type=product&#038;p=6597"},"modified":"2026-01-19T18:25:28","modified_gmt":"2026-01-19T21:25:28","slug":"vibrador-usb-3-en-1","status":"publish","type":"product","link":"https:\/\/anysexshop.com.ar\/shop\/product\/vibrador-usb-3-en-1\/","title":{"rendered":"VIBRADOR USB 3 EN 1"},"content":{"rendered":"<body><p>\u00a1Volvete loca de placer! Este nuevo vibrador de silicona Flicking<span class=\"Apple-converted-space\">\u00a0\u00a0<\/span>te brinda sensaciones intensas para quienes desean liberar su tensi\u00f3n hasta que est\u00e9n eyaculando y h\u00famedos. El eje de silicona suave est\u00e1 hecho de silicona de primera calidad y es seguro para el cuerpo y libre de ftalatos. Al insertar<span class=\"Apple-converted-space\">\u00a0\u00a0<\/span>apunta al punto G, sentir\u00e1s vibraciones poderosas a trav\u00e9s del eje. Y cuando introduzcas el resto del eje, tendr\u00e1s la estimulaci\u00f3n adicional del brazo que se mueve en el propio eje. Golpea contra tu punto G a medida que la cabeza se acerca m\u00e1s a tu cuello uterino para una liberaci\u00f3n cervical y del punto G. Al mismo tiempo, puedes disfrutar de los brazos del conejo golpeando contra tu sensible perla.<span class=\"Apple-converted-space\">\u00a0\u00a0<\/span>Este potente y sensual juguete es completamente recargable a trav\u00e9s del cable USB provisto. Para limpiar, usa agua tibia y jab\u00f3n suave, luego enjuaga y roc\u00eda con un limpiador de juguetes.<\/p>\n<p><span class=\"s1\">Anhelas una experiencia intensa, un poco de lubricante y buscas un lugar privado para relajarte. Despu\u00e9s de frotar el lubricante en el juguete y en tu entrada, deslizas el eje hacia adentro hasta que tanto la cabeza como la parte del eje que se mueve est\u00e1n dentro de ti. Luego lo enciendes e inmediatamente te muerdes el labio mientras sientes la oleada de placer y estimulaci\u00f3n. La intensidad aumenta a medida que te mueves y te frotas contra el eje. Casi llegas al borde del \u00e9xtasis, pero te retraes y retiras el juguete. Colocas las orejas de conejo que se mueven sobre tus pezones para excitarlos y darte placer en otras partes, luego lo giras y lo vuelves a insertar\u2026 pero esta vez con las orejas de conejo haci\u00e9ndote cosquillas en tu pene y estimulando tu puerta trasera. \u00a1Cambias entre la parte delantera y trasera hasta que no puedes soportarlo m\u00e1s! \u00a1Eyaculas, el n\u00e9ctar h\u00famedo se derrama de tus muslos y agarras las s\u00e1banas mientras gimes en \u00e9xtasis!<\/span><\/p>\n<ul>\n<li><strong>Material<span class=\"s2\">\uff1a<\/span>ABS+silicone<\/strong><\/li>\n<li><strong>Medidas<span class=\"s2\">\uff1a<\/span>25 x 8 x 4,2 cm<\/strong><\/li>\n<li><strong>Funci\u00f3n<span class=\"s2\">\uff1a<\/span>7 modelos of vibraci\u00f3n, 7 modelos of flap,7 modelos of succi\u00f3n<\/strong><\/li>\n<li><strong>Recargable USB.<\/strong><\/li>\n<\/ul>\n<\/body>","protected":false},"excerpt":{"rendered":"<p>\u00a1Volvete loca de placer! Este nuevo vibrador de silicona Flicking\u00a0\u00a0te brinda sensaciones intensas para quienes desean liberar su tensi\u00f3n hasta que est\u00e9n eyaculando y h\u00famedos. El eje de silicona suave est\u00e1 hecho de silicona de primera calidad y es seguro para el cuerpo y libre de ftalatos. Al insertar\u00a0\u00a0apunta al&hellip; <\/p>\n","protected":false},"featured_media":6598,"comment_status":"open","ping_status":"closed","template":"","meta":{"om_disable_all_campaigns":false},"product_brand":[],"product_cat":[68,69],"product_tag":[],"class_list":{"0":"post-6597","1":"product","2":"type-product","3":"status-publish","4":"has-post-thumbnail","6":"product_cat-succionadores-y-estimuladores-femeninos","7":"product_cat-vibradores","9":"first","10":"outofstock","11":"shipping-taxable","12":"product-type-simple"},"jetpack_sharing_enabled":true,"_links":{"self":[{"href":"https:\/\/anysexshop.com.ar\/shop\/wp-json\/wp\/v2\/product\/6597","targetHints":{"allow":["GET"]}}],"collection":[{"href":"https:\/\/anysexshop.com.ar\/shop\/wp-json\/wp\/v2\/product"}],"about":[{"href":"https:\/\/anysexshop.com.ar\/shop\/wp-json\/wp\/v2\/types\/product"}],"replies":[{"embeddable":true,"href":"https:\/\/anysexshop.com.ar\/shop\/wp-json\/wp\/v2\/comments?post=6597"}],"wp:featuredmedia":[{"embeddable":true,"href":"https:\/\/anysexshop.com.ar\/shop\/wp-json\/wp\/v2\/media\/6598"}],"wp:attachment":[{"href":"https:\/\/anysexshop.com.ar\/shop\/wp-json\/wp\/v2\/media?parent=6597"}],"wp:term":[{"taxonomy":"product_brand","embeddable":true,"href":"https:\/\/anysexshop.com.ar\/shop\/wp-json\/wp\/v2\/product_brand?post=6597"},{"taxonomy":"product_cat","embeddable":true,"href":"https:\/\/anysexshop.com.ar\/shop\/wp-json\/wp\/v2\/product_cat?post=6597"},{"taxonomy":"product_tag","embeddable":true,"href":"https:\/\/anysexshop.com.ar\/shop\/wp-json\/wp\/v2\/product_tag?post=6597"}],"curies":[{"name":"wp","href":"https:\/\/api.w.org\/{rel}","templated":true}]}}