{"id":6610,"date":"2026-01-10T18:04:08","date_gmt":"2026-01-10T21:04:08","guid":{"rendered":"https:\/\/anysexshop.com.ar\/shop\/?post_type=product&#038;p=6610"},"modified":"2026-03-04T20:34:07","modified_gmt":"2026-03-04T23:34:07","slug":"balita-vibradora-by-anyyyani","status":"publish","type":"product","link":"https:\/\/anysexshop.com.ar\/shop\/product\/balita-vibradora-by-anyyyani\/","title":{"rendered":"BALITA VIBRADORA BY ANYYYANI"},"content":{"rendered":"<body><p>Cuentan con 1 velocidad potente y un motor silencioso. Est\u00e1n fabricadas en ABS + Silicona, con un roce s\u00faper suave. Asegura tu placer..<\/p>\n<p>Caracter\u00edsticas:<br>\n1 Velocidad<br>\nMedidas: 9,3 x 1.8 cm<br>\nLibre de Ftalatos<br>\nImpermeable<br>\nMaterial: ABS + Silicona<br>\nSilencioso, m\u00e1ximo 55 db.<\/p>\n<\/body>","protected":false},"excerpt":{"rendered":"<p>Cuentan con 1 velocidad potente y un motor silencioso. Est\u00e1n fabricadas en ABS + Silicona, con un roce s\u00faper suave. Asegura tu placer.. Caracter\u00edsticas: 1 Velocidad Medidas: 9,3 x 1.8 cm Libre de Ftalatos Impermeable Material: ABS + Silicona Silencioso, m\u00e1ximo 55 db.<\/p>\n","protected":false},"featured_media":6611,"comment_status":"open","ping_status":"closed","template":"","meta":{"om_disable_all_campaigns":false},"product_brand":[],"product_cat":[60,68],"product_tag":[],"class_list":{"0":"post-6610","1":"product","2":"type-product","3":"status-publish","4":"has-post-thumbnail","6":"product_cat-balas-y-bolas-vaginales","7":"product_cat-succionadores-y-estimuladores-femeninos","9":"first","10":"instock","11":"shipping-taxable","12":"purchasable","13":"product-type-simple"},"jetpack_sharing_enabled":true,"_links":{"self":[{"href":"https:\/\/anysexshop.com.ar\/shop\/wp-json\/wp\/v2\/product\/6610","targetHints":{"allow":["GET"]}}],"collection":[{"href":"https:\/\/anysexshop.com.ar\/shop\/wp-json\/wp\/v2\/product"}],"about":[{"href":"https:\/\/anysexshop.com.ar\/shop\/wp-json\/wp\/v2\/types\/product"}],"replies":[{"embeddable":true,"href":"https:\/\/anysexshop.com.ar\/shop\/wp-json\/wp\/v2\/comments?post=6610"}],"wp:featuredmedia":[{"embeddable":true,"href":"https:\/\/anysexshop.com.ar\/shop\/wp-json\/wp\/v2\/media\/6611"}],"wp:attachment":[{"href":"https:\/\/anysexshop.com.ar\/shop\/wp-json\/wp\/v2\/media?parent=6610"}],"wp:term":[{"taxonomy":"product_brand","embeddable":true,"href":"https:\/\/anysexshop.com.ar\/shop\/wp-json\/wp\/v2\/product_brand?post=6610"},{"taxonomy":"product_cat","embeddable":true,"href":"https:\/\/anysexshop.com.ar\/shop\/wp-json\/wp\/v2\/product_cat?post=6610"},{"taxonomy":"product_tag","embeddable":true,"href":"https:\/\/anysexshop.com.ar\/shop\/wp-json\/wp\/v2\/product_tag?post=6610"}],"curies":[{"name":"wp","href":"https:\/\/api.w.org\/{rel}","templated":true}]}}