{"id":6612,"date":"2026-01-10T18:07:29","date_gmt":"2026-01-10T21:07:29","guid":{"rendered":"https:\/\/anysexshop.com.ar\/shop\/?post_type=product&#038;p=6612"},"modified":"2026-03-04T20:37:23","modified_gmt":"2026-03-04T23:37:23","slug":"plug-anal-vibrador-control-remoto","status":"publish","type":"product","link":"https:\/\/anysexshop.com.ar\/shop\/product\/plug-anal-vibrador-control-remoto\/","title":{"rendered":"PLUG ANAL VIBRADOR CONTROL REMOTO"},"content":{"rendered":"<body><p><strong>Plug Anal Vibrador Control Con Remoto <\/strong>\u00a0Atr\u00e9vete a experimentar un placer incomparable con el dilatador anal vibrador con control remoto. Su carga USB y control remoto te permiten disfrutar de una estimulaci\u00f3n sin interrupciones, mientras que su silicona suave garantiza una experiencia c\u00f3moda y segura. Resistente al agua y con m\u00faltiples funciones de vibraci\u00f3n, es el complemento perfecto para tu colecci\u00f3n. Asegura tu placer..<\/p>\n<ul>\n<li><strong>Medidas: 10 x 4 cm<\/strong><\/li>\n<li><strong>A control remoto<\/strong><\/li>\n<li><strong>Recargable a USB.<\/strong><\/li>\n<\/ul>\n<\/body>","protected":false},"excerpt":{"rendered":"<p>Plug Anal Vibrador Control Con Remoto \u00a0Atr\u00e9vete a experimentar un placer incomparable con el dilatador anal vibrador con control remoto. Su carga USB y control remoto te permiten disfrutar de una estimulaci\u00f3n sin interrupciones, mientras que su silicona suave garantiza una experiencia c\u00f3moda y segura. Resistente al agua y con&hellip; <\/p>\n","protected":false},"featured_media":6613,"comment_status":"open","ping_status":"closed","template":"","meta":{"om_disable_all_campaigns":false},"product_brand":[],"product_cat":[57],"product_tag":[],"class_list":{"0":"post-6612","1":"product","2":"type-product","3":"status-publish","4":"has-post-thumbnail","6":"product_cat-anales","8":"first","9":"instock","10":"shipping-taxable","11":"purchasable","12":"product-type-simple"},"jetpack_sharing_enabled":true,"_links":{"self":[{"href":"https:\/\/anysexshop.com.ar\/shop\/wp-json\/wp\/v2\/product\/6612","targetHints":{"allow":["GET"]}}],"collection":[{"href":"https:\/\/anysexshop.com.ar\/shop\/wp-json\/wp\/v2\/product"}],"about":[{"href":"https:\/\/anysexshop.com.ar\/shop\/wp-json\/wp\/v2\/types\/product"}],"replies":[{"embeddable":true,"href":"https:\/\/anysexshop.com.ar\/shop\/wp-json\/wp\/v2\/comments?post=6612"}],"wp:featuredmedia":[{"embeddable":true,"href":"https:\/\/anysexshop.com.ar\/shop\/wp-json\/wp\/v2\/media\/6613"}],"wp:attachment":[{"href":"https:\/\/anysexshop.com.ar\/shop\/wp-json\/wp\/v2\/media?parent=6612"}],"wp:term":[{"taxonomy":"product_brand","embeddable":true,"href":"https:\/\/anysexshop.com.ar\/shop\/wp-json\/wp\/v2\/product_brand?post=6612"},{"taxonomy":"product_cat","embeddable":true,"href":"https:\/\/anysexshop.com.ar\/shop\/wp-json\/wp\/v2\/product_cat?post=6612"},{"taxonomy":"product_tag","embeddable":true,"href":"https:\/\/anysexshop.com.ar\/shop\/wp-json\/wp\/v2\/product_tag?post=6612"}],"curies":[{"name":"wp","href":"https:\/\/api.w.org\/{rel}","templated":true}]}}