{"id":6617,"date":"2026-01-10T18:10:11","date_gmt":"2026-01-10T21:10:11","guid":{"rendered":"https:\/\/anysexshop.com.ar\/shop\/?post_type=product&#038;p=6617"},"modified":"2026-01-28T15:18:23","modified_gmt":"2026-01-28T18:18:23","slug":"rabbit-vibrador-by-anyyyani","status":"publish","type":"product","link":"https:\/\/anysexshop.com.ar\/shop\/product\/rabbit-vibrador-by-anyyyani\/","title":{"rendered":"RABBIT VIBRADOR BY ANYYYANI"},"content":{"rendered":"<body><p><strong>Vibrador Rabbit Doble Estimulaci\u00f3n.<\/strong>\u00a0Rabbit de doble estimulaci\u00f3n, te llevar\u00e1 a otro universo con su hermoso dise\u00f1o e intensidad. Su material de silicona aterciopelada te garantizar\u00e1 un \u00f3ptimo placer.<span class=\"Apple-converted-space\">\u00a0Sus dos extremos son intensos, uno te permite estimular el cl\u00edtoris externamente y el otro internamente.\u00a0<\/span>Totalmente silencioso y discreto. Manten\u00e9 pulsado durante 3 segundos para encender y apagar. Asegura tu placer\u2026<\/p>\n<h4 class=\"p2\"><span class=\"s1\"><strong>Caracter\u00edsticas:<\/strong><\/span><\/h4>\n<ul>\n<li class=\"p2\"><strong><span class=\"s1\">Silicona 100% pura + ABS.<\/span><\/strong><\/li>\n<li class=\"p2\"><strong><span class=\"s1\">3 modos de vibraci\u00f3n lineal.<\/span><\/strong><\/li>\n<li class=\"p2\"><strong><span class=\"s1\">7 ritmos diferentes.<\/span><\/strong><\/li>\n<li class=\"p2\"><strong><span class=\"s1\">100% Libre de Fthalatos.<\/span><\/strong><\/li>\n<li class=\"p2\"><strong><span class=\"s1\">Hipo alerg\u00e9nico.<\/span><\/strong><\/li>\n<li class=\"p2\"><strong><span class=\"s1\">Libre de l\u00e1tex.<\/span><\/strong><\/li>\n<li class=\"p2\"><strong><span class=\"s1\">Dise\u00f1o Ergon\u00f3mico vaginal + punto G.<\/span><\/strong><\/li>\n<li class=\"p2\"><strong><span class=\"s1\">Medidas: 19 cm x 3,5 cm<\/span><\/strong><\/li>\n<li class=\"p2\"><strong><span class=\"s1\">Funciona con 2 Pilas AAA.<\/span><\/strong><\/li>\n<li class=\"p2\"><strong><span class=\"s1\">Impermeable. No sumergible.<\/span><\/strong><\/li>\n<\/ul>\n<\/body>","protected":false},"excerpt":{"rendered":"<p>Vibrador Rabbit Doble Estimulaci\u00f3n.\u00a0Rabbit de doble estimulaci\u00f3n, te llevar\u00e1 a otro universo con su hermoso dise\u00f1o e intensidad. Su material de silicona aterciopelada te garantizar\u00e1 un \u00f3ptimo placer.\u00a0Sus dos extremos son intensos, uno te permite estimular el cl\u00edtoris externamente y el otro internamente.\u00a0Totalmente silencioso y discreto. Manten\u00e9 pulsado durante 3&hellip; <\/p>\n","protected":false},"featured_media":6618,"comment_status":"open","ping_status":"closed","template":"","meta":{"om_disable_all_campaigns":false},"product_brand":[],"product_cat":[68,69],"product_tag":[],"class_list":{"0":"post-6617","1":"product","2":"type-product","3":"status-publish","4":"has-post-thumbnail","6":"product_cat-succionadores-y-estimuladores-femeninos","7":"product_cat-vibradores","9":"first","10":"outofstock","11":"shipping-taxable","12":"product-type-simple"},"jetpack_sharing_enabled":true,"_links":{"self":[{"href":"https:\/\/anysexshop.com.ar\/shop\/wp-json\/wp\/v2\/product\/6617","targetHints":{"allow":["GET"]}}],"collection":[{"href":"https:\/\/anysexshop.com.ar\/shop\/wp-json\/wp\/v2\/product"}],"about":[{"href":"https:\/\/anysexshop.com.ar\/shop\/wp-json\/wp\/v2\/types\/product"}],"replies":[{"embeddable":true,"href":"https:\/\/anysexshop.com.ar\/shop\/wp-json\/wp\/v2\/comments?post=6617"}],"wp:featuredmedia":[{"embeddable":true,"href":"https:\/\/anysexshop.com.ar\/shop\/wp-json\/wp\/v2\/media\/6618"}],"wp:attachment":[{"href":"https:\/\/anysexshop.com.ar\/shop\/wp-json\/wp\/v2\/media?parent=6617"}],"wp:term":[{"taxonomy":"product_brand","embeddable":true,"href":"https:\/\/anysexshop.com.ar\/shop\/wp-json\/wp\/v2\/product_brand?post=6617"},{"taxonomy":"product_cat","embeddable":true,"href":"https:\/\/anysexshop.com.ar\/shop\/wp-json\/wp\/v2\/product_cat?post=6617"},{"taxonomy":"product_tag","embeddable":true,"href":"https:\/\/anysexshop.com.ar\/shop\/wp-json\/wp\/v2\/product_tag?post=6617"}],"curies":[{"name":"wp","href":"https:\/\/api.w.org\/{rel}","templated":true}]}}