{"id":6632,"date":"2026-01-10T20:43:12","date_gmt":"2026-01-10T23:43:12","guid":{"rendered":"https:\/\/anysexshop.com.ar\/shop\/?post_type=product&#038;p=6632"},"modified":"2026-02-28T11:47:48","modified_gmt":"2026-02-28T14:47:48","slug":"vibrador-con-agarre-realistico-usb-potente","status":"publish","type":"product","link":"https:\/\/anysexshop.com.ar\/shop\/product\/vibrador-con-agarre-realistico-usb-potente\/","title":{"rendered":"VIBRADOR CON AGARRE REALISTICO USB POTENTE"},"content":{"rendered":"<body><p><strong>Vibrador Realsitico.\u00a0<\/strong>Recargable a usb y muy potente. Texturado con relieve venosos. Suave al tacto. Asegura tu placer\u2026<\/p>\n<h4>Caracter\u00edsticas:<\/h4>\n<ul>\n<li>10 Tipos de vibraci\u00f3n<\/li>\n<li>Medidas: 22,1 cm x 3,9 cm<\/li>\n<li>Recargable a USB (Incluido)<\/li>\n<li>Dise\u00f1o totalmente impermeable.<\/li>\n<\/ul>\n<\/body>","protected":false},"excerpt":{"rendered":"<p>Vibrador Realsitico.\u00a0Recargable a usb y muy potente. Texturado con relieve venosos. Suave al tacto. Asegura tu placer\u2026 Caracter\u00edsticas: 10 Tipos de vibraci\u00f3n Medidas: 22,1 cm x 3,9 cm Recargable a USB (Incluido) Dise\u00f1o totalmente impermeable.<\/p>\n","protected":false},"featured_media":6633,"comment_status":"open","ping_status":"closed","template":"","meta":{"om_disable_all_campaigns":false},"product_brand":[],"product_cat":[69],"product_tag":[],"class_list":{"0":"post-6632","1":"product","2":"type-product","3":"status-publish","4":"has-post-thumbnail","6":"product_cat-vibradores","8":"first","9":"outofstock","10":"shipping-taxable","11":"product-type-simple"},"jetpack_sharing_enabled":true,"_links":{"self":[{"href":"https:\/\/anysexshop.com.ar\/shop\/wp-json\/wp\/v2\/product\/6632","targetHints":{"allow":["GET"]}}],"collection":[{"href":"https:\/\/anysexshop.com.ar\/shop\/wp-json\/wp\/v2\/product"}],"about":[{"href":"https:\/\/anysexshop.com.ar\/shop\/wp-json\/wp\/v2\/types\/product"}],"replies":[{"embeddable":true,"href":"https:\/\/anysexshop.com.ar\/shop\/wp-json\/wp\/v2\/comments?post=6632"}],"wp:featuredmedia":[{"embeddable":true,"href":"https:\/\/anysexshop.com.ar\/shop\/wp-json\/wp\/v2\/media\/6633"}],"wp:attachment":[{"href":"https:\/\/anysexshop.com.ar\/shop\/wp-json\/wp\/v2\/media?parent=6632"}],"wp:term":[{"taxonomy":"product_brand","embeddable":true,"href":"https:\/\/anysexshop.com.ar\/shop\/wp-json\/wp\/v2\/product_brand?post=6632"},{"taxonomy":"product_cat","embeddable":true,"href":"https:\/\/anysexshop.com.ar\/shop\/wp-json\/wp\/v2\/product_cat?post=6632"},{"taxonomy":"product_tag","embeddable":true,"href":"https:\/\/anysexshop.com.ar\/shop\/wp-json\/wp\/v2\/product_tag?post=6632"}],"curies":[{"name":"wp","href":"https:\/\/api.w.org\/{rel}","templated":true}]}}