{"id":6687,"date":"2026-02-13T16:38:11","date_gmt":"2026-02-13T19:38:11","guid":{"rendered":"https:\/\/anysexshop.com.ar\/shop\/?post_type=product&#038;p=6687"},"modified":"2026-04-03T17:46:31","modified_gmt":"2026-04-03T20:46:31","slug":"baby-doll-con-taza-armada","status":"publish","type":"product","link":"https:\/\/anysexshop.com.ar\/shop\/product\/baby-doll-con-taza-armada\/","title":{"rendered":"BABY DOLL CON TAZA ARMADA"},"content":{"rendered":"<body><p dir=\"ltr\">Descubr\u00ed la elegancia y sensualidad del Babydoll Transparente Puntilla Tul de la marca Secretos \u00cdntimos. Este modelo est\u00e1 dise\u00f1ado para realzar la belleza femenina, combinando un delicado tul sat\u00e9n con detalles de puntilla que aportan un toque de sofisticaci\u00f3n.<\/p>\n<p dir=\"ltr\">Ideal para ocasiones especiales o para sentirte fabulosa en cualquier momento, este Babydoll es perfecto para mujeres que buscan un equilibrio entre lo rom\u00e1ntico y lo atrevido. Su dise\u00f1o sin bombacha permite una mayor libertad de movimiento, mientras que la transparencia del material a\u00f1ade un aire de misterio y seducci\u00f3n.<\/p>\n<p dir=\"ltr\">La versatilidad de este Babydoll lo convierte en una prenda esencial en el guardarropa de cualquier mujer. Ya sea para una noche especial o simplemente para consentirte, su estilo atemporal y su calidad superior aseguran que te sentir\u00e1s segura y hermosa. Animate a explorar tu lado m\u00e1s sensual con esta lencer\u00eda que celebra la feminidad en cada detalle.<\/p>\n<p dir=\"ltr\">Otras caracter\u00edsticas:<\/p>\n<p dir=\"ltr\">Babydoll transparente con detalles de puntilla y taza corpi\u00f1o de sat\u00e9n armada.<\/p>\n<p dir=\"ltr\">SIN ARO. Bajo busto regulable en espalda.<\/p>\n<p dir=\"ltr\">Talle 1-2:<\/p>\n<p dir=\"ltr\">TAZA\/BUSTO 85-90 BAJO BUSTO 68\/84 CINTURA 55-72cm.<\/p>\n<p dir=\"ltr\">Talle 3-4:<\/p>\n<p dir=\"ltr\">TAZA\/BUSTO 95-100 BAJO BUSTO 70\/90 CINTURA 65-79 cm.<\/p>\n<p dir=\"ltr\">Talle 5-6:<\/p>\n<p dir=\"ltr\">TAZA\/BUSTO 105\/110 BAJO BUSTO 74\/96 CINTURA 68-88cm.<\/p>\n<p dir=\"ltr\">Talle 7-8:<\/p>\n<p dir=\"ltr\">TAZA\/BUSTO 115\/120 BAJO BUSTO 78\/100 CINTURA 72-92cm .<\/p>\n<p dir=\"ltr\">\n<\/p><p dir=\"ltr\">(No incluye medias, ni less).<\/p>\n<\/body>","protected":false},"excerpt":{"rendered":"<p>Descubr\u00ed la elegancia y sensualidad del Babydoll Transparente Puntilla Tul de la marca Secretos \u00cdntimos. Este modelo est\u00e1 dise\u00f1ado para realzar la belleza femenina, combinando un delicado tul sat\u00e9n con detalles de puntilla que aportan un toque de sofisticaci\u00f3n. Ideal para ocasiones especiales o para sentirte fabulosa en cualquier momento,&hellip; <\/p>\n","protected":false},"featured_media":6688,"comment_status":"open","ping_status":"closed","template":"","meta":{"om_disable_all_campaigns":false},"product_brand":[],"product_cat":[73],"product_tag":[],"class_list":{"0":"post-6687","1":"product","2":"type-product","3":"status-publish","4":"has-post-thumbnail","6":"product_cat-camisolines-y-baby-doll","8":"first","9":"instock","10":"sale","11":"shipping-taxable","12":"purchasable","13":"product-type-simple"},"jetpack_sharing_enabled":true,"_links":{"self":[{"href":"https:\/\/anysexshop.com.ar\/shop\/wp-json\/wp\/v2\/product\/6687","targetHints":{"allow":["GET"]}}],"collection":[{"href":"https:\/\/anysexshop.com.ar\/shop\/wp-json\/wp\/v2\/product"}],"about":[{"href":"https:\/\/anysexshop.com.ar\/shop\/wp-json\/wp\/v2\/types\/product"}],"replies":[{"embeddable":true,"href":"https:\/\/anysexshop.com.ar\/shop\/wp-json\/wp\/v2\/comments?post=6687"}],"wp:featuredmedia":[{"embeddable":true,"href":"https:\/\/anysexshop.com.ar\/shop\/wp-json\/wp\/v2\/media\/6688"}],"wp:attachment":[{"href":"https:\/\/anysexshop.com.ar\/shop\/wp-json\/wp\/v2\/media?parent=6687"}],"wp:term":[{"taxonomy":"product_brand","embeddable":true,"href":"https:\/\/anysexshop.com.ar\/shop\/wp-json\/wp\/v2\/product_brand?post=6687"},{"taxonomy":"product_cat","embeddable":true,"href":"https:\/\/anysexshop.com.ar\/shop\/wp-json\/wp\/v2\/product_cat?post=6687"},{"taxonomy":"product_tag","embeddable":true,"href":"https:\/\/anysexshop.com.ar\/shop\/wp-json\/wp\/v2\/product_tag?post=6687"}],"curies":[{"name":"wp","href":"https:\/\/api.w.org\/{rel}","templated":true}]}}